{"id":26,"date":"2023-02-03T10:38:34","date_gmt":"2023-02-03T10:38:34","guid":{"rendered":"https:\/\/pmf.productions\/?page_id=26"},"modified":"2023-03-03T13:39:29","modified_gmt":"2023-03-03T13:39:29","slug":"impressum","status":"publish","type":"page","link":"https:\/\/pmf.productions\/en\/impressum\/","title":{"rendered":"Imprint"},"content":{"rendered":"<div data-elementor-type=\"wp-page\" data-elementor-id=\"26\" class=\"elementor elementor-26\" data-elementor-post-type=\"page\">\n\t\t\t\t\t\t<section class=\"elementor-section elementor-top-section elementor-element elementor-element-739e69c elementor-section-full_width elementor-section-height-min-height elementor-section-items-bottom elementor-section-stretched elementor-section-height-default\" data-id=\"739e69c\" data-element_type=\"section\" data-settings=\"{&quot;background_background&quot;:&quot;classic&quot;,&quot;stretch_section&quot;:&quot;section-stretched&quot;}\">\n\t\t\t\t\t\t<div class=\"elementor-container elementor-column-gap-no\">\n\t\t\t\t\t<div class=\"elementor-column elementor-col-100 elementor-top-column elementor-element elementor-element-38d213f\" data-id=\"38d213f\" data-element_type=\"column\">\n\t\t\t<div class=\"elementor-widget-wrap elementor-element-populated\">\n\t\t\t\t\t\t<div class=\"elementor-element elementor-element-81da759 elementor-widget__width-initial elementor-widget elementor-widget-text-editor\" data-id=\"81da759\" data-element_type=\"widget\" data-widget_type=\"text-editor.default\">\n\t\t\t\t<div class=\"elementor-widget-container\">\n\t\t\t\t\t\t\t\t\t<p>Imprint<\/p>\t\t\t\t\t\t\t\t<\/div>\n\t\t\t\t<\/div>\n\t\t\t\t\t<\/div>\n\t\t<\/div>\n\t\t\t\t\t<\/div>\n\t\t<\/section>\n\t\t\t\t<section class=\"elementor-section elementor-top-section elementor-element elementor-element-51ca762 elementor-section-full_width elementor-section-content-top elementor-section-height-default elementor-section-height-default\" data-id=\"51ca762\" data-element_type=\"section\">\n\t\t\t\t\t\t<div class=\"elementor-container elementor-column-gap-no\">\n\t\t\t\t\t<div class=\"elementor-column elementor-col-100 elementor-top-column elementor-element elementor-element-20a706d\" data-id=\"20a706d\" data-element_type=\"column\">\n\t\t\t<div class=\"elementor-widget-wrap elementor-element-populated\">\n\t\t\t\t\t\t<div class=\"elementor-element elementor-element-cee903a elementor-widget__width-initial elementor-widget elementor-widget-text-editor\" data-id=\"cee903a\" data-element_type=\"widget\" data-widget_type=\"text-editor.default\">\n\t\t\t\t<div class=\"elementor-widget-container\">\n\t\t\t\t\t\t\t\t\t<p><b>Production M Filmproduktion GmbH<\/b><br>Hofweg 65a<br>22085 Hamburg<br>Deutschland<\/p>\n<p><strong>Managing Director<\/strong><br>Melanie M\u00fcller<\/p>\n<p>+49 40 22 72 72- 0<br>info@pmf.productions<br>www.pmf.productions<\/p>\n<p><strong>Eintragung im Handelsregister:<\/strong><br>Registergericht: Amtsgericht Hamburg<\/p>\n<p>Registernummer: HRB 93325<\/p>\n<p>USt-IdNr.: DE 814 447 757<\/p>\n<p><b>Copyright<\/b><br>The entire contents of this website, including text, images, graphical representations and\/or audio or video files are - unless otherwise noted - protected by law and may not be distributed, modified, transmitted, reused, republished, exploited or used in any other way for public or commercial purposes without the written permission of Production M Filmproduktion GmbH.<\/p>\n<p><b>Disclaimer<\/b><br>The information on this website has been compiled with all due care. Nevertheless, we cannot guarantee its completeness or accuracy. Production M Filmproduktion GmbH assumes no liability for errors in the content of the website. This website is for general information purposes only. Production M Filmproduktion GmbH assumes no responsibility for actions taken on the basis of this website. The use of the website as well as the downloading of data is at the user's own risk. Production M Filmproduktion GmbH assumes no responsibility for any damage, in particular to data files or the user's hardware or software. Furthermore, Production M Filmproduktion GmbH does not assume any warranty and does not give any assurance. Despite careful control of the content, we do not assume any liability for the content of external links. The operators of the linked pages are solely responsible for their content.<br>Despite careful control of the content, we do not assume any liability for the content of external links. The operators of the linked pages are solely responsible for their content.<\/p>\n<p><b>Dispute Resolution:<\/b><br>The European Commission provides a platform for online dispute resolution at https:\/\/ec.europa.eu\/consumers\/odr. We are not willing or obliged to participate in dispute resolution proceedings before a consumer arbitration board.<\/p>\n<p><b>Validity of imprint and privacy policy<\/b><br>This imprint and the privacy policy are in the current version as of February 9, 2023. We reserve the right to make changes at any time with effect for the future.<\/p>\t\t\t\t\t\t\t\t<\/div>\n\t\t\t\t<\/div>\n\t\t\t\t\t<\/div>\n\t\t<\/div>\n\t\t\t\t\t<\/div>\n\t\t<\/section>\n\t\t\t\t<\/div>","protected":false},"excerpt":{"rendered":"<p>Impressum Production M Filmproduktion GmbHHofweg 65a22085 HamburgDeutschland Gesch\u00e4ftsf\u00fchrerinMelanie M\u00fcller +49 40 22 72 72- 0info@pmf.productionswww.pmf.productions Eintragung im Handelsregister:Registergericht: Amtsgericht Hamburg Registernummer: HRB 93325 USt-IdNr.: DE 814 447 757 CopyrightDie gesamten Inhalte dieser Website, einschlie\u00dflich Text, Bildern, graphischen Darstellungen und\/oder Audio- oder Videodateien sind \u2013 soweit nicht anders vermerkt \u2013 rechtlich gesch\u00fctzt und d\u00fcrfen ohne schriftliche [&hellip;]<\/p>","protected":false},"author":1,"featured_media":0,"parent":0,"menu_order":1000,"comment_status":"closed","ping_status":"closed","template":"elementor_header_footer","meta":{"_monsterinsights_skip_tracking":false,"_monsterinsights_sitenote_active":false,"_monsterinsights_sitenote_note":"","_monsterinsights_sitenote_category":0,"footnotes":""},"class_list":["post-26","page","type-page","status-publish","hentry"],"aioseo_notices":[],"_links":{"self":[{"href":"https:\/\/pmf.productions\/en\/wp-json\/wp\/v2\/pages\/26","targetHints":{"allow":["GET"]}}],"collection":[{"href":"https:\/\/pmf.productions\/en\/wp-json\/wp\/v2\/pages"}],"about":[{"href":"https:\/\/pmf.productions\/en\/wp-json\/wp\/v2\/types\/page"}],"author":[{"embeddable":true,"href":"https:\/\/pmf.productions\/en\/wp-json\/wp\/v2\/users\/1"}],"replies":[{"embeddable":true,"href":"https:\/\/pmf.productions\/en\/wp-json\/wp\/v2\/comments?post=26"}],"version-history":[{"count":32,"href":"https:\/\/pmf.productions\/en\/wp-json\/wp\/v2\/pages\/26\/revisions"}],"predecessor-version":[{"id":2259,"href":"https:\/\/pmf.productions\/en\/wp-json\/wp\/v2\/pages\/26\/revisions\/2259"}],"wp:attachment":[{"href":"https:\/\/pmf.productions\/en\/wp-json\/wp\/v2\/media?parent=26"}],"curies":[{"name":"wp","href":"https:\/\/api.w.org\/{rel}","templated":true}]}}