{"id":2518,"date":"2023-05-24T10:47:50","date_gmt":"2023-05-24T10:47:50","guid":{"rendered":"https:\/\/pmf.productions\/?page_id=2518"},"modified":"2024-04-04T15:52:38","modified_gmt":"2024-04-04T15:52:38","slug":"architecture-storytelling","status":"publish","type":"page","link":"https:\/\/pmf.productions\/en\/architecture-storytelling\/","title":{"rendered":"Architecture Storytelling"},"content":{"rendered":"<div data-elementor-type=\"wp-page\" data-elementor-id=\"2518\" class=\"elementor elementor-2518\" data-elementor-post-type=\"page\">\n\t\t\t\t\t\t<section class=\"elementor-section elementor-top-section elementor-element elementor-element-35cab72 elementor-section-boxed elementor-section-height-default elementor-section-height-default\" data-id=\"35cab72\" data-element_type=\"section\" data-settings=\"{&quot;background_background&quot;:&quot;classic&quot;}\">\n\t\t\t\t\t\t<div class=\"elementor-container elementor-column-gap-no\">\n\t\t\t\t\t<div class=\"elementor-column elementor-col-100 elementor-top-column elementor-element elementor-element-eb281bd\" data-id=\"eb281bd\" data-element_type=\"column\">\n\t\t\t<div class=\"elementor-widget-wrap elementor-element-populated\">\n\t\t\t\t\t\t<div class=\"elementor-element elementor-element-038a26a elementor-widget elementor-widget-video\" data-id=\"038a26a\" data-element_type=\"widget\" data-settings=\"{&quot;video_type&quot;:&quot;vimeo&quot;}\" data-widget_type=\"video.default\">\n\t\t\t\t<div class=\"elementor-widget-container\">\n\t\t\t\t\t\t\t<div class=\"elementor-wrapper elementor-open-inline\">\n\t\t\t<iframe class=\"elementor-video-iframe\" allowfullscreen allow=\"clipboard-write\" title=\"vimeo Video Player\" src=\"https:\/\/player.vimeo.com\/video\/841246025?color&amp;autopause=0&amp;loop=0&amp;muted=0&amp;title=1&amp;portrait=1&amp;byline=1&amp;h=7f51783d7b#t=\" data-no-translation-title=\"\"><\/iframe>\t\t<\/div>\n\t\t\t\t\t\t<\/div>\n\t\t\t\t<\/div>\n\t\t\t\t\t<\/div>\n\t\t<\/div>\n\t\t\t\t\t<\/div>\n\t\t<\/section>\n\t\t\t\t<section class=\"elementor-section elementor-top-section elementor-element elementor-element-3829f8e elementor-section-full_width elementor-section-height-default elementor-section-height-default\" data-id=\"3829f8e\" data-element_type=\"section\">\n\t\t\t\t\t\t<div class=\"elementor-container elementor-column-gap-no\">\n\t\t\t\t\t<div class=\"elementor-column elementor-col-100 elementor-top-column elementor-element elementor-element-0d6da1d\" data-id=\"0d6da1d\" data-element_type=\"column\">\n\t\t\t<div class=\"elementor-widget-wrap elementor-element-populated\">\n\t\t\t\t\t\t<div class=\"elementor-element elementor-element-eccc63b elementor-invisible elementor-widget elementor-widget-image\" data-id=\"eccc63b\" data-element_type=\"widget\" data-settings=\"{&quot;_animation&quot;:&quot;slideInDown&quot;}\" data-widget_type=\"image.default\">\n\t\t\t\t<div class=\"elementor-widget-container\">\n\t\t\t\t\t\t\t\t\t\t\t\t\t\t\t<img loading=\"lazy\" decoding=\"async\" width=\"500\" height=\"108\" src=\"https:\/\/pmf.productions\/wp-content\/uploads\/2023\/02\/Linie.png\" class=\"attachment-full size-full wp-image-329\" alt=\"\" srcset=\"https:\/\/pmf.productions\/wp-content\/uploads\/2023\/02\/Linie.png 500w, https:\/\/pmf.productions\/wp-content\/uploads\/2023\/02\/Linie-300x65.png 300w, https:\/\/pmf.productions\/wp-content\/uploads\/2023\/02\/Linie-18x4.png 18w\" sizes=\"auto, (max-width: 500px) 100vw, 500px\" \/>\t\t\t\t\t\t\t\t\t\t\t\t\t\t\t<\/div>\n\t\t\t\t<\/div>\n\t\t\t\t\t<\/div>\n\t\t<\/div>\n\t\t\t\t\t<\/div>\n\t\t<\/section>\n\t\t\t\t<section class=\"elementor-section elementor-top-section elementor-element elementor-element-a2a2f0e elementor-section-full_width elementor-section-height-default elementor-section-height-default\" data-id=\"a2a2f0e\" data-element_type=\"section\">\n\t\t\t\t\t\t<div class=\"elementor-container elementor-column-gap-no\">\n\t\t\t\t\t<div class=\"elementor-column elementor-col-100 elementor-top-column elementor-element elementor-element-5da666d\" data-id=\"5da666d\" data-element_type=\"column\">\n\t\t\t<div class=\"elementor-widget-wrap elementor-element-populated\">\n\t\t\t\t\t\t<div class=\"elementor-element elementor-element-d50ea65 elementor-invisible elementor-widget elementor-widget-image\" data-id=\"d50ea65\" data-element_type=\"widget\" data-settings=\"{&quot;_animation&quot;:&quot;slideInDown&quot;}\" data-widget_type=\"image.default\">\n\t\t\t\t<div class=\"elementor-widget-container\">\n\t\t\t\t\t\t\t\t\t\t\t\t\t\t\t<img loading=\"lazy\" decoding=\"async\" width=\"500\" height=\"108\" src=\"https:\/\/pmf.productions\/wp-content\/uploads\/2023\/02\/Linie.png\" class=\"attachment-full size-full wp-image-329\" alt=\"\" srcset=\"https:\/\/pmf.productions\/wp-content\/uploads\/2023\/02\/Linie.png 500w, https:\/\/pmf.productions\/wp-content\/uploads\/2023\/02\/Linie-300x65.png 300w, https:\/\/pmf.productions\/wp-content\/uploads\/2023\/02\/Linie-18x4.png 18w\" sizes=\"auto, (max-width: 500px) 100vw, 500px\" \/>\t\t\t\t\t\t\t\t\t\t\t\t\t\t\t<\/div>\n\t\t\t\t<\/div>\n\t\t\t\t\t<\/div>\n\t\t<\/div>\n\t\t\t\t\t<\/div>\n\t\t<\/section>\n\t\t\t\t<section class=\"elementor-section elementor-top-section elementor-element elementor-element-71009af elementor-section-full_width elementor-section-stretched elementor-section-height-default elementor-section-height-default\" data-id=\"71009af\" data-element_type=\"section\" data-settings=\"{&quot;stretch_section&quot;:&quot;section-stretched&quot;}\">\n\t\t\t\t\t\t<div class=\"elementor-container elementor-column-gap-no\">\n\t\t\t\t\t<div class=\"elementor-column elementor-col-100 elementor-top-column elementor-element elementor-element-c5e4bd8\" data-id=\"c5e4bd8\" data-element_type=\"column\">\n\t\t\t<div class=\"elementor-widget-wrap elementor-element-populated\">\n\t\t\t\t\t\t<div class=\"elementor-element elementor-element-94fd264 elementor-widget__width-initial elementor-widget elementor-widget-text-editor\" data-id=\"94fd264\" data-element_type=\"widget\" data-widget_type=\"text-editor.default\">\n\t\t\t\t<div class=\"elementor-widget-container\">\n\t\t\t\t\t\t\t\t\t<p><strong>Unsere Story ist die Produktion dieser Filme.<\/strong><br \/>Online, TV, Kino \u2013 Desktop, Tablet, Smartphone oder auch 360\u00b0-Filme \u2013 jedes Medium bietet besondere M\u00f6glichkeiten der Inszenierung und verlangt nach entsprechendem Produktions-Know-How.<br \/><br \/>F\u00fcr Marken und Unternehmen produzieren wir Filme f\u00fcr alle Medien.<\/p>\t\t\t\t\t\t\t\t<\/div>\n\t\t\t\t<\/div>\n\t\t\t\t\t<\/div>\n\t\t<\/div>\n\t\t\t\t\t<\/div>\n\t\t<\/section>\n\t\t\t\t<section class=\"elementor-section elementor-top-section elementor-element elementor-element-a0169a4 elementor-section-full_width elementor-section-height-default elementor-section-height-default\" data-id=\"a0169a4\" data-element_type=\"section\">\n\t\t\t\t\t\t<div class=\"elementor-container elementor-column-gap-no\">\n\t\t\t\t\t<div class=\"elementor-column elementor-col-100 elementor-top-column elementor-element elementor-element-a747962\" data-id=\"a747962\" data-element_type=\"column\">\n\t\t\t<div class=\"elementor-widget-wrap elementor-element-populated\">\n\t\t\t\t\t\t<div class=\"elementor-element elementor-element-4b546e9 elementor-invisible elementor-widget elementor-widget-image\" data-id=\"4b546e9\" data-element_type=\"widget\" data-settings=\"{&quot;_animation&quot;:&quot;slideInDown&quot;}\" data-widget_type=\"image.default\">\n\t\t\t\t<div class=\"elementor-widget-container\">\n\t\t\t\t\t\t\t\t\t\t\t\t\t\t\t<img loading=\"lazy\" decoding=\"async\" width=\"500\" height=\"108\" src=\"https:\/\/pmf.productions\/wp-content\/uploads\/2023\/02\/Linie.png\" class=\"attachment-full size-full wp-image-329\" alt=\"\" srcset=\"https:\/\/pmf.productions\/wp-content\/uploads\/2023\/02\/Linie.png 500w, https:\/\/pmf.productions\/wp-content\/uploads\/2023\/02\/Linie-300x65.png 300w, https:\/\/pmf.productions\/wp-content\/uploads\/2023\/02\/Linie-18x4.png 18w\" sizes=\"auto, (max-width: 500px) 100vw, 500px\" \/>\t\t\t\t\t\t\t\t\t\t\t\t\t\t\t<\/div>\n\t\t\t\t<\/div>\n\t\t\t\t\t<\/div>\n\t\t<\/div>\n\t\t\t\t\t<\/div>\n\t\t<\/section>\n\t\t\t\t<section class=\"elementor-section elementor-top-section elementor-element elementor-element-d039f04 elementor-section-full_width elementor-section-stretched elementor-section-height-default elementor-section-height-default\" data-id=\"d039f04\" data-element_type=\"section\" data-settings=\"{&quot;stretch_section&quot;:&quot;section-stretched&quot;}\">\n\t\t\t\t\t\t<div class=\"elementor-container elementor-column-gap-no\">\n\t\t\t\t\t<div class=\"elementor-column elementor-col-100 elementor-top-column elementor-element elementor-element-12cba41\" data-id=\"12cba41\" data-element_type=\"column\">\n\t\t\t<div class=\"elementor-widget-wrap elementor-element-populated\">\n\t\t\t\t\t\t<div class=\"elementor-element elementor-element-c5f1f00 elementor-widget__width-initial e-transform elementor-widget elementor-widget-text-editor\" data-id=\"c5f1f00\" data-element_type=\"widget\" data-settings=\"{&quot;motion_fx_motion_fx_mouse&quot;:&quot;yes&quot;,&quot;_transform_scale_effect_hover&quot;:{&quot;unit&quot;:&quot;px&quot;,&quot;size&quot;:1.4,&quot;sizes&quot;:[]},&quot;_transform_scale_effect_hover_tablet&quot;:{&quot;unit&quot;:&quot;px&quot;,&quot;size&quot;:&quot;&quot;,&quot;sizes&quot;:[]},&quot;_transform_scale_effect_hover_mobile&quot;:{&quot;unit&quot;:&quot;px&quot;,&quot;size&quot;:&quot;&quot;,&quot;sizes&quot;:[]}}\" data-widget_type=\"text-editor.default\">\n\t\t\t\t<div class=\"elementor-widget-container\">\n\t\t\t\t\t\t\t\t\t<p><a href=\"https:\/\/pmf.productions\/en\/kontakt\/\">GET IN TOUCH.<\/a><\/p>\t\t\t\t\t\t\t\t<\/div>\n\t\t\t\t<\/div>\n\t\t\t\t\t<\/div>\n\t\t<\/div>\n\t\t\t\t\t<\/div>\n\t\t<\/section>\n\t\t\t\t<section class=\"elementor-section elementor-top-section elementor-element elementor-element-1b10566 elementor-section-full_width elementor-section-height-default elementor-section-height-default\" data-id=\"1b10566\" data-element_type=\"section\">\n\t\t\t\t\t\t<div class=\"elementor-container elementor-column-gap-no\">\n\t\t\t\t\t<div class=\"elementor-column elementor-col-100 elementor-top-column elementor-element elementor-element-a614daa\" data-id=\"a614daa\" data-element_type=\"column\">\n\t\t\t<div class=\"elementor-widget-wrap elementor-element-populated\">\n\t\t\t\t\t\t<div class=\"elementor-element elementor-element-538cd7d elementor-invisible elementor-widget elementor-widget-image\" data-id=\"538cd7d\" data-element_type=\"widget\" data-settings=\"{&quot;_animation&quot;:&quot;slideInDown&quot;}\" data-widget_type=\"image.default\">\n\t\t\t\t<div class=\"elementor-widget-container\">\n\t\t\t\t\t\t\t\t\t\t\t\t\t\t\t<img loading=\"lazy\" decoding=\"async\" width=\"500\" height=\"108\" src=\"https:\/\/pmf.productions\/wp-content\/uploads\/2023\/02\/Linie.png\" class=\"attachment-full size-full wp-image-329\" alt=\"\" srcset=\"https:\/\/pmf.productions\/wp-content\/uploads\/2023\/02\/Linie.png 500w, https:\/\/pmf.productions\/wp-content\/uploads\/2023\/02\/Linie-300x65.png 300w, https:\/\/pmf.productions\/wp-content\/uploads\/2023\/02\/Linie-18x4.png 18w\" sizes=\"auto, (max-width: 500px) 100vw, 500px\" \/>\t\t\t\t\t\t\t\t\t\t\t\t\t\t\t<\/div>\n\t\t\t\t<\/div>\n\t\t\t\t\t<\/div>\n\t\t<\/div>\n\t\t\t\t\t<\/div>\n\t\t<\/section>\n\t\t\t\t<section class=\"elementor-section elementor-top-section elementor-element elementor-element-9f87267 elementor-section-boxed elementor-section-height-default elementor-section-height-default\" data-id=\"9f87267\" data-element_type=\"section\" id=\"contact-banner\">\n\t\t\t\t\t\t<div class=\"elementor-container elementor-column-gap-default\">\n\t\t\t\t\t<div class=\"elementor-column elementor-col-100 elementor-top-column elementor-element elementor-element-33cc0d6\" data-id=\"33cc0d6\" data-element_type=\"column\">\n\t\t\t<div class=\"elementor-widget-wrap elementor-element-populated\">\n\t\t\t\t\t\t<div class=\"elementor-element elementor-element-8c183a4 elementor-widget elementor-widget-text-editor\" data-id=\"8c183a4\" data-element_type=\"widget\" data-widget_type=\"text-editor.default\">\n\t\t\t\t<div class=\"elementor-widget-container\">\n\t\t\t\t\t\t\t\t\t<p><img decoding=\"async\" class=\"alignnone  wp-image-42\" src=\"https:\/\/pmf.productions\/wp-content\/uploads\/2023\/02\/PMF_1500x500-300x101.png\" alt=\"\" width=\"208\" height=\"70\" srcset=\"https:\/\/pmf.productions\/wp-content\/uploads\/2023\/02\/PMF_1500x500-300x101.png 300w, https:\/\/pmf.productions\/wp-content\/uploads\/2023\/02\/PMF_1500x500-1024x345.png 1024w, https:\/\/pmf.productions\/wp-content\/uploads\/2023\/02\/PMF_1500x500-768x259.png 768w, https:\/\/pmf.productions\/wp-content\/uploads\/2023\/02\/PMF_1500x500-18x6.png 18w, https:\/\/pmf.productions\/wp-content\/uploads\/2023\/02\/PMF_1500x500.png 1500w\" sizes=\"(max-width: 208px) 100vw, 208px\" \/><\/p><p>Melanie M\u00fcller<br \/>Executive Producer<br \/><a href=\"mailto:m.mueller@pmc.productions\">m.mueller@pmf.productions<\/a><br \/><a href=\"tel:00491735206000\">+49 173 520 6000<\/a><br \/>Hofweg 65 A<br \/>22085 Hamburg<\/p>\t\t\t\t\t\t\t\t<\/div>\n\t\t\t\t<\/div>\n\t\t\t\t\t<\/div>\n\t\t<\/div>\n\t\t\t\t\t<\/div>\n\t\t<\/section>\n\t\t\t\t<\/div>","protected":false},"excerpt":{"rendered":"<p>Jedes Medium hat eine eigene Spracheund jeder Film eine spezielle Story. Unsere Story ist die Produktion dieser Filme.Online, TV, Kino \u2013 Desktop, Tablet, Smartphone oder auch 360\u00b0-Filme \u2013 jedes Medium bietet besondere M\u00f6glichkeiten der Inszenierung und verlangt nach entsprechendem Produktions-Know-How. F\u00fcr Marken und Unternehmen produzieren wir Filme f\u00fcr alle Medien. GET IN TOUCH. Melanie M\u00fcllerExecutive [&hellip;]<\/p>","protected":false},"author":1,"featured_media":0,"parent":0,"menu_order":2000,"comment_status":"closed","ping_status":"closed","template":"elementor_header_footer","meta":{"_monsterinsights_skip_tracking":false,"_monsterinsights_sitenote_active":false,"_monsterinsights_sitenote_note":"","_monsterinsights_sitenote_category":0,"footnotes":""},"class_list":["post-2518","page","type-page","status-publish","hentry"],"aioseo_notices":[],"_links":{"self":[{"href":"https:\/\/pmf.productions\/en\/wp-json\/wp\/v2\/pages\/2518","targetHints":{"allow":["GET"]}}],"collection":[{"href":"https:\/\/pmf.productions\/en\/wp-json\/wp\/v2\/pages"}],"about":[{"href":"https:\/\/pmf.productions\/en\/wp-json\/wp\/v2\/types\/page"}],"author":[{"embeddable":true,"href":"https:\/\/pmf.productions\/en\/wp-json\/wp\/v2\/users\/1"}],"replies":[{"embeddable":true,"href":"https:\/\/pmf.productions\/en\/wp-json\/wp\/v2\/comments?post=2518"}],"version-history":[{"count":44,"href":"https:\/\/pmf.productions\/en\/wp-json\/wp\/v2\/pages\/2518\/revisions"}],"predecessor-version":[{"id":2598,"href":"https:\/\/pmf.productions\/en\/wp-json\/wp\/v2\/pages\/2518\/revisions\/2598"}],"wp:attachment":[{"href":"https:\/\/pmf.productions\/en\/wp-json\/wp\/v2\/media?parent=2518"}],"curies":[{"name":"wp","href":"https:\/\/api.w.org\/{rel}","templated":true}]}}